{"id":5865,"date":"2018-01-29T22:48:56","date_gmt":"2018-01-29T22:48:56","guid":{"rendered":"http:\/\/corcovadoexp.com?page_id=5865"},"modified":"2018-01-29T22:49:06","modified_gmt":"2018-01-29T22:49:06","slug":"nuestro-portafolio","status":"publish","type":"page","link":"https:\/\/corcovadoexpeditions.net\/es\/nuestro-portafolio","title":{"rendered":"Nuestra Portafolio de Clientes"},"content":{"rendered":"<style type=\"text\/css\"><\/style><table border=\"0\" width=\"100%\" cellspacing=\"0\" cellpadding=\"0\">\n<tbody>\n<tr valign=\"top\">\n<td colspan=\"2\" align=\"left\" valign=\"top\">\n<div class=\"txt\">\n<h3>Hemos organizado y guiado expediciones para:<\/h3>\n<table border=\"0\" width=\"100%\">\n<tbody>\n<tr>\n<td>\n<div align=\"center\"><img decoding=\"async\" loading=\"lazy\" src=\"http:\/\/www.corcovadoexpeditions.net\/images\/portfolio\/articjunglefilms.gif\" alt=\"Artic Jungle Films\" width=\"133\" height=\"115\" border=\"0\" \/><\/div>\n<div align=\"center\"><\/div>\n<\/td>\n<td>\n<div align=\"center\"><img decoding=\"async\" loading=\"lazy\" src=\"http:\/\/www.corcovadoexpeditions.net\/images\/portfolio\/exploringhorizons.gif\" alt=\"Exploring Horizons\" width=\"129\" height=\"118\" border=\"0\" \/><\/div>\n<\/td>\n<\/tr>\n<tr>\n<td colspan=\"2\">From the aerial view to the human perspective, Exploring Horizons looks at what brings us together as people, what sets us apart as individuals and what ignites our passion to explore. Far out destinations, unusual perspectives, fascinating storytellers and a scope through flight that extends far past the usual boundaries: these elements combined achieve a unique portrait of each place, and inspire us to look at our world through different eyes.<br \/>\n<a href=\"http:\/\/www.arcticjungle.com\/\">www.arcticjungle.com<\/a><\/td>\n<\/tr>\n<\/tbody>\n<\/table>\n<p>&nbsp;<\/p>\n<p>&nbsp;<\/p>\n<table border=\"0\" width=\"100%\" bgcolor=\"#ffffcc\">\n<tbody>\n<tr>\n<td colspan=\"2\">\n<div align=\"center\"><img decoding=\"async\" loading=\"lazy\" src=\"http:\/\/www.corcovadoexpeditions.net\/images\/portfolio\/1rtv.gif\" alt=\"ARD\" width=\"107\" height=\"98\" border=\"0\" \/><\/div>\n<\/td>\n<\/tr>\n<tr>\n<td>ARD &#8211; das K\u00fcrzel steht f\u00fcr: Arbeitsgemeinschaft der \u00f6ffentlich-rechtlichen Rundfunkanstalten der Bundesrepublik Deutschland . Die 1950 gegr\u00fcndete ARD ist ein Zusammenschluss von mittlerweile neun selbst\u00e4ndigen, staatsunabh\u00e4ngigen Landesrundfunkanstalten (am 1. Mai 2003 wurden SFB und ORB zum RBB fusioniert). Deren Aufgabe ist es, H\u00f6rfunk- und Fernsehsendungen f\u00fcr die Allgemeinheit zu veranstalten und zu verbreiten. Sie sollen, so lautet ihr gesetzlicher Auftrag, mit ihren Sendungen der Information, der Bildung und der Unterhaltung aller B\u00fcrger dienen. Zehntes Mitglied der ARD ist der Auslandssender Deutsche Welle (DW).<br \/>\n<a href=\"http:\/\/www.ard.de\/\">www.ard.de<\/a><\/td>\n<td><\/td>\n<\/tr>\n<\/tbody>\n<\/table>\n<p>&nbsp;<\/p>\n<p>&nbsp;<\/p>\n<table border=\"0\" width=\"100%\">\n<tbody>\n<tr>\n<td>\n<div align=\"center\"><img decoding=\"async\" loading=\"lazy\" src=\"http:\/\/www.corcovadoexpeditions.net\/images\/portfolio\/washingtonpost.gif\" alt=\"washington post\" width=\"138\" height=\"22\" border=\"0\" \/><\/div>\n<\/td>\n<\/tr>\n<tr>\n<td>Founded 1877 by independent-minded Democrat Stilson Hutchins, The Washington Post began publishing on Thursday, December 6. It was printed at 914 Pennsylvania Ave., N.W., and had a circulation of 10,000. The newspaper contained four pages and cost three cents a copy.<br \/>\n<a href=\"http:\/\/www.washingtonpost.com\/\">www.washingtonpost.com<\/a><\/td>\n<\/tr>\n<\/tbody>\n<\/table>\n<p>&nbsp;<\/p>\n<p>&nbsp;<\/p>\n<table border=\"0\" width=\"100%\" bgcolor=\"#ffffcc\">\n<tbody>\n<tr>\n<td>\n<div align=\"center\"><img decoding=\"async\" loading=\"lazy\" src=\"http:\/\/www.corcovadoexpeditions.net\/images\/portfolio\/oet.gif\" alt=\"organizacion de estudios tropicales\" width=\"481\" height=\"86\" border=\"0\" \/><\/div>\n<\/td>\n<\/tr>\n<tr>\n<td>The Organization for Tropical Studies (OTS) is a non-profit consortium that has grown to include 63 universities and research institutions from the United States, Latin America and Australia. In the early 1960&#8217;s, scientists from U.S. universities forged working relationships with colleagues at the Universidad de Costa Rica in the interest of strengthening education and research in tropical biology. Intense interest both in the U.S. and Costa Rica led to the founding of OTS in 1963. OTS was founded to provide leadership in education, research and the responsible use of natural resources in the tropics. To address this mission, OTS conducts graduate and undergraduate education, facilitates research, participates in tropical forest conservation, maintains three biological stations in Costa Rica and conducts environmental education programs.<br \/>\n<a href=\"http:\/\/www.ots.duke.edu%20\/\">www.ots.duke.edu<\/a><\/td>\n<\/tr>\n<\/tbody>\n<\/table>\n<p>&nbsp;<\/p>\n<p>&nbsp;<\/p>\n<table border=\"0\" width=\"100%\">\n<tbody>\n<tr>\n<td>\n<div align=\"center\"><img decoding=\"async\" loading=\"lazy\" src=\"http:\/\/www.corcovadoexpeditions.net\/images\/portfolio\/universityofwisconsin.gif\" alt=\"university of wisconsin.\" width=\"129\" height=\"111\" border=\"0\" \/><\/div>\n<\/td>\n<\/tr>\n<tr>\n<td>For more than a century, the university has been guided by the Wisconsin Idea, a tradition first stated by UW President Charles Van Hise in 1904. Van Hise declared that he would \u201cnever be content until the beneficent influence of the university reaches every family in the state.\u201d Today that belief permeates the university\u2019s work, fostering close working relationships within the state, throughout the country and around the world.<br \/>\n<a href=\"http:\/\/www.wisc.edu\/\">www.wisc.edu<\/a><\/td>\n<\/tr>\n<\/tbody>\n<\/table>\n<p>&nbsp;<\/p>\n<p>&nbsp;<\/p>\n<table border=\"0\" width=\"100%\" bgcolor=\"#ffffcc\">\n<tbody>\n<tr>\n<td>\n<div align=\"center\"><img decoding=\"async\" loading=\"lazy\" src=\"http:\/\/www.corcovadoexpeditions.net\/images\/portfolio\/perpendineuniversity.gif\" alt=\"perpendine university.\" width=\"290\" height=\"52\" border=\"0\" \/><\/div>\n<\/td>\n<\/tr>\n<tr>\n<td>Pepperdine University is an independent, medium-sized university enrolling approximately 8,300 students in five colleges and schools. Seaver College, the School of Law, the Graduate School of Education and Psychology, the Graziadio School of Business and Management, and the School of Public Policy are located on the University\u2019s 830-acre campus overlooking the Pacific Ocean in Malibu. Courses are taught in Malibu, at six graduate campuses in Southern California, and at international campuses in Germany, England, Italy, and Argentina.<br \/>\n<a href=\"http:\/\/www.pepperdine.edu\/\">www.pepperdine.edu<\/a><\/td>\n<\/tr>\n<\/tbody>\n<\/table>\n<p>&nbsp;<\/p>\n<p>&nbsp;<\/p>\n<table border=\"0\" width=\"100%\">\n<tbody>\n<tr>\n<td>\n<div align=\"center\"><img decoding=\"async\" loading=\"lazy\" src=\"http:\/\/www.corcovadoexpeditions.net\/images\/portfolio\/northparkuniversitychicago.gif\" alt=\"north park university chicago\" width=\"180\" height=\"117\" border=\"0\" \/><\/div>\n<\/td>\n<\/tr>\n<tr>\n<td>Founded in 1891 by the Evangelical Covenant Church, North Park University is located on Chicago\u2019s north side and enrolls more than 3,000 students from around the country and the world. At North Park, excellence implies not only a deep tradition in the liberal arts and the Christian faith, but also a spirit of innovation, reaching out to serve and to learn from the dynamic community around us. Cultural study centers enrich the life of the campus and connect us to the diverse people of Chicago whose roots extend around the globe. Graduate and special undergraduate programs bring adult, working professionals to the campus on evenings and weekends, enhancing the University&#8217;s resources in the liberal arts as well as in specialized areas such as business, the health sciences, and education.<br \/>\n<a href=\"http:\/\/www.northpark.edu\/\">www.northpark.edu<\/a><\/td>\n<\/tr>\n<\/tbody>\n<\/table>\n<p>&nbsp;<\/p>\n<p>&nbsp;<\/p>\n<table border=\"0\" width=\"100%\" bgcolor=\"#ffffcc\">\n<tbody>\n<tr>\n<td>\n<div align=\"center\"><img decoding=\"async\" loading=\"lazy\" src=\"http:\/\/www.corcovadoexpeditions.net\/images\/portfolio\/unabanner.jpg\" alt=\"Universidad Nacional\" width=\"314\" height=\"169\" border=\"0\" \/><\/div>\n<\/td>\n<\/tr>\n<tr>\n<td>Buscar y proponer soluciones a los problemas sociales fundamentales a trav\u00e9s de la investigaci\u00f3n, la extensi\u00f3n y la formaci\u00f3n de profesionales conscientes de las necesidades de la poblaci\u00f3n, es la misi\u00f3n de la Universidad Nacional , instituci\u00f3n de educaci\u00f3n superior estatal de Costa Rica que goza de autonom\u00eda plena en materia de gobierno, administraci\u00f3n y organizaci\u00f3n<br \/>\n<a href=\"http:\/\/www.una.ac.cr\/\">www.una.ac.cr<\/a><\/td>\n<\/tr>\n<\/tbody>\n<\/table>\n<p>&nbsp;<\/p>\n<p>&nbsp;<\/p>\n<table border=\"0\" width=\"100%\">\n<tbody>\n<tr>\n<td>\n<div align=\"center\"><img decoding=\"async\" loading=\"lazy\" src=\"http:\/\/www.corcovadoexpeditions.net\/images\/portfolio\/findacionneotropica.gif\" alt=\"Fundacion Neotropica\" width=\"131\" height=\"95\" border=\"0\" \/><\/div>\n<\/td>\n<\/tr>\n<tr>\n<td>The Neotropica Foundation is a private, not-for-profit Costa Rican organization founded in 1985.<br \/>\nThe Neotropica Foundation provides the technical, scientific and financial means to promote and develop alternative production methods and provide for sustainable management of natural resources and protection of biodiversity.<br \/>\nThe Neotropica Foundation promotes the generation and dissemination of technical and scientific information related to the environment.<br \/>\n<a href=\"http:\/\/www.neotropica.org\/\">www.neotropica.org<\/a><\/td>\n<\/tr>\n<\/tbody>\n<\/table>\n<p>&nbsp;<\/p>\n<p>&nbsp;<\/p>\n<p>&nbsp;<\/p>\n<p>&nbsp;<\/p>\n<table border=\"0\" width=\"100%\" bgcolor=\"#ffffcc\">\n<tbody>\n<tr>\n<td>\n<div align=\"center\"><img decoding=\"async\" loading=\"lazy\" src=\"http:\/\/www.corcovadoexpeditions.net\/images\/portfolio\/fundacioncorcovado.gif\" alt=\"fundacion corcovado\" width=\"358\" height=\"99\" border=\"0\" \/><\/div>\n<\/td>\n<\/tr>\n<tr>\n<td>The Corcovado Foundation was created by members of the community of Drake Bay , mainly hoteliers, whom concerned for the imminent destruction of the rainforest of the area, worked to create the Corcovado Foundation.<br \/>\nSince then, our organization has helped and supported Corcovado National Park and the entire Osa Conservation Area. In order to achieve this, the foundation established an agreement with the Ministry of Environment (MINAE). This agreement permitted the foundation to hire park rangers with private funding and put them to work in the park system.\u00a0<a href=\"http:\/\/www.fundacioncorcovado.org\/\">www.fundacioncorcovado.org<\/a><\/td>\n<\/tr>\n<\/tbody>\n<\/table>\n<p>&nbsp;<\/p>\n<p>&nbsp;<\/p>\n<table border=\"0\" width=\"100%\">\n<tbody>\n<tr>\n<td>\n<div align=\"center\"><img decoding=\"async\" loading=\"lazy\" src=\"http:\/\/www.corcovadoexpeditions.net\/images\/portfolio\/swisstravelservice.gif\" alt=\"swiss travel service.\" width=\"181\" height=\"150\" border=\"0\" \/><\/div>\n<\/td>\n<\/tr>\n<tr>\n<td>With over 30 years experience Swiss Travel Service is a solid, professional, efficient company, capable of sharing Costa Rica in a responsible way with citizens from around the globe who would like to visit Costa Rica.<br \/>\n<a href=\"http:\/\/www.swisstravelcr.com\/\">www.swisstravelcr.com<\/a><\/td>\n<\/tr>\n<\/tbody>\n<\/table>\n<p>&nbsp;<\/p>\n<p>&nbsp;<\/p>\n<table border=\"0\" width=\"100%\" bgcolor=\"#ffffcc\">\n<tbody>\n<tr>\n<td>\n<div align=\"center\"><img decoding=\"async\" loading=\"lazy\" src=\"http:\/\/www.corcovadoexpeditions.net\/images\/portfolio\/greentracks.gif\" alt=\"green tracks\" width=\"374\" height=\"71\" border=\"0\" \/><\/div>\n<\/td>\n<\/tr>\n<tr>\n<td>GreenTracks provides the finest nature-oriented trips into tropical regions of the world. Founded in 1992 by prominent tropical biologists, GreenTracks has delivered memorable adventures with expert guidance to hundreds of vacationers, including both amateur and professional naturalists.<br \/>\n<a href=\"http:\/\/www.greentracks.com\/\">www.greentracks.com<\/a><\/td>\n<\/tr>\n<\/tbody>\n<\/table>\n<\/div>\n<\/td>\n<\/tr>\n<\/tbody>\n<\/table>\n","protected":false},"excerpt":{"rendered":"<p>Hemos organizado y guiado expediciones para: From the aerial view to the human perspective, Exploring Horizons looks at what brings us together as people, what sets us apart as individuals and what ignites our passion to explore. Far out destinations, unusual perspectives, fascinating storytellers and a scope through flight that extends far past the usual&#8230;<\/p>\n","protected":false},"author":1,"featured_media":0,"parent":0,"menu_order":0,"comment_status":"closed","ping_status":"closed","template":"","meta":[],"_links":{"self":[{"href":"https:\/\/corcovadoexpeditions.net\/es\/wp-json\/wp\/v2\/pages\/5865"}],"collection":[{"href":"https:\/\/corcovadoexpeditions.net\/es\/wp-json\/wp\/v2\/pages"}],"about":[{"href":"https:\/\/corcovadoexpeditions.net\/es\/wp-json\/wp\/v2\/types\/page"}],"author":[{"embeddable":true,"href":"https:\/\/corcovadoexpeditions.net\/es\/wp-json\/wp\/v2\/users\/1"}],"replies":[{"embeddable":true,"href":"https:\/\/corcovadoexpeditions.net\/es\/wp-json\/wp\/v2\/comments?post=5865"}],"version-history":[{"count":1,"href":"https:\/\/corcovadoexpeditions.net\/es\/wp-json\/wp\/v2\/pages\/5865\/revisions"}],"predecessor-version":[{"id":5866,"href":"https:\/\/corcovadoexpeditions.net\/es\/wp-json\/wp\/v2\/pages\/5865\/revisions\/5866"}],"wp:attachment":[{"href":"https:\/\/corcovadoexpeditions.net\/es\/wp-json\/wp\/v2\/media?parent=5865"}],"curies":[{"name":"wp","href":"https:\/\/api.w.org\/{rel}","templated":true}]}}