{"id":5861,"date":"2018-01-29T22:46:22","date_gmt":"2018-01-29T22:46:22","guid":{"rendered":"http:\/\/corcovadoexp.com?page_id=5861"},"modified":"2018-03-28T22:36:38","modified_gmt":"2018-03-28T22:36:38","slug":"quienes-somos","status":"publish","type":"page","link":"https:\/\/corcovadoexpeditions.net\/es\/quienes-somos","title":{"rendered":"Corcovado Expeditions Tour Operador"},"content":{"rendered":"<style type=\"text\/css\"><\/style><p><img decoding=\"async\" loading=\"lazy\" class=\"alignleft wp-image-6047 size-post-thumbnail\" src=\"\/wp-content\/uploads\/2018\/02\/MG_0193-500x496.jpg\" alt=\"\" width=\"500\" height=\"496\" srcset=\"https:\/\/corcovadoexpeditions.net\/wp-content\/uploads\/2018\/02\/MG_0193-500x496.jpg 500w, https:\/\/corcovadoexpeditions.net\/wp-content\/uploads\/2018\/02\/MG_0193-150x150.jpg 150w, https:\/\/corcovadoexpeditions.net\/wp-content\/uploads\/2018\/02\/MG_0193-100x100.jpg 100w\" sizes=\"(max-width: 500px) 100vw, 500px\" \/>Corcovado Expeditions es una compa\u00f1\u00eda de eco-turismo basada en la bah\u00eda de Drake, Costa Rica. Proporcionamos los mejores viajes ecol\u00f3gicos de la pen\u00ednsula de Osa de Costa Rica.<\/p>\n<p>Adem\u00e1s de proporcionar de un alto nivel de servicio, Corcovado Expeditions esta dedicada a la protecci\u00f3n y al realce del ambiente. Nos esforzamos en afectar positivamente a las comunidades locales donde funcionamos, y proporcionamos la educaci\u00f3n ambiental e intercultural para nuestros clientes y empleados.<\/p>\n<p>Todos nosotros somos apasionados sobre nuestro trabajo, y puede confiar asegurado que sus actividades con nosotros tendr\u00e1n un impacto positivo en el mundo que compartimos.<\/p>\n<p>En este sitio usted encontrar\u00e1 descripciones de algunos de los viajes y las actividades que ofrecemos.<\/p>\n<p>Lo invitamos a que nos deje mostrarle nuestra madre naturaleza. \u00a1Pura Vida!<\/p>\n","protected":false},"excerpt":{"rendered":"<p>Corcovado Expeditions es una compa\u00f1\u00eda de eco-turismo basada en la bah\u00eda de Drake, Costa Rica. Proporcionamos los mejores viajes ecol\u00f3gicos de la pen\u00ednsula de Osa de Costa Rica. Adem\u00e1s de proporcionar de un alto nivel de servicio, Corcovado Expeditions esta dedicada a la protecci\u00f3n y al realce del ambiente. Nos esforzamos en afectar positivamente a&#8230;<\/p>\n","protected":false},"author":1,"featured_media":0,"parent":0,"menu_order":0,"comment_status":"closed","ping_status":"closed","template":"","meta":[],"_links":{"self":[{"href":"https:\/\/corcovadoexpeditions.net\/es\/wp-json\/wp\/v2\/pages\/5861"}],"collection":[{"href":"https:\/\/corcovadoexpeditions.net\/es\/wp-json\/wp\/v2\/pages"}],"about":[{"href":"https:\/\/corcovadoexpeditions.net\/es\/wp-json\/wp\/v2\/types\/page"}],"author":[{"embeddable":true,"href":"https:\/\/corcovadoexpeditions.net\/es\/wp-json\/wp\/v2\/users\/1"}],"replies":[{"embeddable":true,"href":"https:\/\/corcovadoexpeditions.net\/es\/wp-json\/wp\/v2\/comments?post=5861"}],"version-history":[{"count":3,"href":"https:\/\/corcovadoexpeditions.net\/es\/wp-json\/wp\/v2\/pages\/5861\/revisions"}],"predecessor-version":[{"id":6241,"href":"https:\/\/corcovadoexpeditions.net\/es\/wp-json\/wp\/v2\/pages\/5861\/revisions\/6241"}],"wp:attachment":[{"href":"https:\/\/corcovadoexpeditions.net\/es\/wp-json\/wp\/v2\/media?parent=5861"}],"curies":[{"name":"wp","href":"https:\/\/api.w.org\/{rel}","templated":true}]}}