{"id":5856,"date":"2018-01-29T22:40:47","date_gmt":"2018-01-29T22:40:47","guid":{"rendered":"http:\/\/corcovadoexp.com?page_id=5856"},"modified":"2018-04-10T19:44:27","modified_gmt":"2018-04-10T19:44:27","slug":"informacion-general-parque-nacional-corcovado","status":"publish","type":"page","link":"https:\/\/corcovadoexpeditions.net\/es\/informacion-general-parque-nacional-corcovado","title":{"rendered":"Parque Nacional Corcovado"},"content":{"rendered":"<style type=\"text\/css\"> \n#cmsmasters_row_69e4bd388f9cc0_67123358 .cmsmasters_row_outer_parent { \n\tpadding-top: 50px; \n} \n\n#cmsmasters_row_69e4bd388f9cc0_67123358 .cmsmasters_row_outer_parent { \n\tpadding-bottom: 50px; \n} \n\n<\/style><div id=\"cmsmasters_row_69e4bd388f9cc0_67123358\" class=\"cmsmasters_row cmsmasters_color_scheme_default cmsmasters_row_top_default cmsmasters_row_bot_default cmsmasters_row_boxed\">\n<div class=\"cmsmasters_row_outer_parent\">\n<div class=\"cmsmasters_row_outer\">\n<div class=\"cmsmasters_row_inner\">\n<div class=\"cmsmasters_row_margin\">\n<div class=\"cmsmasters_column one_first\">\n<div class=\"cmsmasters_text\">\n<p align=\"left\"><strong>UBICACI\u00d3N:<\/strong>\u00a0En la costa del pac\u00edfico a 335 km. (208 millas.) de San Jos\u00e9, v\u00eda Autopista interamericana, al lado sudoeste de la Pen\u00ednsula de Osa<\/p>\n<p align=\"left\"><strong>Area:<\/strong>\u00a02.400 Hect\u00e1reas Marinas. (5,928 acres); 54,039 Hect\u00e1reas terestres. (133,476 acres) \u2013 1\/3 de la pen\u00ednsula de Osa.<\/p>\n<p align=\"left\"><strong>Servicios:\u00a0<\/strong>Facilidades para Acampar en la Estaci\u00f3n\u00a0Sirena o San pedrillo.<\/p>\n<p align=\"left\"><strong>Caminata:<\/strong>\u00a0Se puede caminar haciendo uso de los senderos demarcados y algunos sin demarcar.<br \/>\nLluvia Anual: 6,000 mm (195 pulgadas)<br \/>\n<strong><br \/>\n<\/strong><strong>Horario:<\/strong>\u00a07 a.m. a 3 p.m. diariamente<\/p>\n<p align=\"left\">El Parque Nacional Corcovado protege los habitats mayores de la zona, inclusive un bosque de monta\u00f1a, que cubre m\u00e1s de la mitad del parque; un bosque nuboso, localizado en la regi\u00f3n m\u00e1s alta, ricamente poblado por helechos y robles; bosques pantanosos o manglares inundados pr\u00e1cticamente en todo el a\u00f1o; un bosque de Yolillo, dominado por palmas; un pantano del manglares, localizado en los estuarios del Llorona, Corcovado y el R\u00edo Sirena; y un pantano herb\u00e1ceo de agua dulce.<\/p>\n<p align=\"left\">El parque es hogar de unas 500 especies de \u00e1rboles -equivalente a un cuarto de todas las especie de \u00e1rboles- en Costa Rica. Parte de los \u00e1rboles m\u00e1s grandes que se encuentran son el Guanacaste, Ceiba, \u00e1rbol de vaco, y\u00a0el cedro.<\/p>\n<p align=\"left\">El Parque Nacional Corcovado contiene aproximadamente 140 especie de mam\u00edferos, 367 especies de aves, 117 especies de anfibios y reptiles, cerca de 40\u00a0especies de peces de agua dulce, y se estima que hay aproximadamente unas 6.000\u00a0especies de insectos.<\/p>\n<p align=\"left\">Es com\u00fan ver grandes manadas\u00a0de monos Cari blanco, as\u00ed como el\u00a0aullador, el ara\u00f1a, y monos de ardilla.<\/p>\n<p align=\"left\">Entre algunas de las\u00a0especies de\u00a0aves que se pueden encontrar aqu\u00ed son: el buitre rey,\u00a0gavilan blanco,\u00a0sargentos, colibris\u00a0y loras. Adem\u00e1s, el Parque protege varias especies en peligro de extinci\u00f3n que incluye: gatos salvajes\u00a0y grandes\u00a0reptiles.<\/p>\n<p align=\"left\">Corcovado es incuestionablemente el lugar m\u00e1s virgen, m\u00e1s cambiante, desafiante y bello de Costa Rica. Este es\u00a0realmente la madre de todos los Parques Nacionales de Costa Rica.<\/p>\n<p align=\"left\">El parque tiene\u00a0cinco estaciones de guarda-bosques, Los Patos, Sirena, San Pedrillo, Los Planes y Carate.<\/p>\n<p align=\"left\">Hay tres rutas que usted puede utilizar para entrar a sirena, pero\u00a0debe tener en cuenta que cada ruta exigir\u00e1 6-8 horas duras de caminata por lo menos. La ruta de Carate es casi toda a lo largo de la playa.<\/p>\n<p>La ruta interior de drake, es mucho m\u00e1s monta\u00f1osa, es sombreada y m\u00e1s naturalmente bella. Hay tambi\u00e9n mucha fauna a lo largo de esta ruta.<\/p>\n<p align=\"left\">Usted puede entrar\u00a0a la estaci\u00f3n Sirena v\u00eda a San Pedrillo desde\u00a0la estaci\u00f3n del Guarda-bosques, qu\u00e9 se sit\u00faa al noroeste de Parque. Sin embargo, s\u00f3lo puede accesar este sendero entre diciembre y abril. Durante los otros meses los r\u00edos que desembocan en el oc\u00e9ano\u00a0estan muy crecidos debido a la alta cantidad de agua que baja desde las monta\u00f1as. \u00a0Tomar\u00e1 aproximadamente 9 horas para completar la caminata.<\/p>\n<p align=\"left\">El camino ideal ser\u00eda entrar por Los Patos, Sirena hacia Carate, en caso de no querer caminar tanto tiempo, recomendamos alquilar un barco para transportarse desde Bah\u00eda Drake a Sirena.\u00a0De cualquier modo, la meta principal es visitar Sirena y disfrutar unos d\u00edas dentro del interior del Parque.<\/p>\n<h2 align=\"left\">Puntos importantes<\/h2>\n<p align=\"left\">Se recomienda usar botas de Excursionismo esto debido a que los caminos a trav\u00e9s del parque son de una arcilla dura y rojiza del tipo que es muy, muy resbaladizo e inclinado. Tambi\u00e9n, hay varios r\u00edos y habr\u00e1 corrientes para cruzar. Las sandalias no se recomiendan para la excursi\u00f3n.<\/p>\n<ul>\n<li>Se recomienda que lleve una abundante cantidad de agua ya que le ser\u00e1 \u00fatil en el camino.<\/li>\n<li>Recomendamos que traiga un repelente de mosquitos.<\/li>\n<li>Se recomienda traer bloqueador solar, especialmente por la ruta de Carate a Sirena, hay un calor fuerte. Tambi\u00e9n algo para protegerse del sol, como gafas o sombrero, no olvide su binocular.(pristam\u00e1ticos).<\/li>\n<\/ul>\n<div align=\"left\"><\/div>\n<p>Corcovado National Park contains approximately 140 species of mammals, 367 birds, 117 amphibians and reptiles, 40 types of freshwater fish, and it is estimated that there are some 6,000 types of insects. It is common to see large herds of white-lipped peccary, as well as howler, spider white faced, and squirrel monkeys. The park is sanctuary to the largest population of scarlet macaws in the country, many of which are easily accessible from the Sirena station or along the beach. Other species of birds found here are the king vulture, white hawk, short-billed pigeon, orange-chinned parakeet and bronze-tailed sicklebill. In addition, the Park protects several endangered species including large cats and reptiles. Moreover, it is home to several species of birds, which are either endemic or whose distribution is very restricted.<\/p>\n<p>Corcovado is unquestionably the most raw, challenging and rewarding park in Costa Rica. It truly is the mother of all parks. The Park has four ranger stations, Los Patos, Sirena, San Pedrillo,Los Planes and Carate. There are three routes you can use to get into Sirena, but regardless of which route you take it will demand at least 6-8 hard hours of hiking. The route from Carate is almost all along the beach. Very little shade is present and the sand often leaves hikers with blisters for days to come. The interior route from Los Patos, while much more mountainous, is shaded and more naturally beautiful. There also tends to be much more wildlife along this route. You can also enter or depart Sirena Staion via the San Pedrillo Ranger Station, which is situated north along the Osa Peninsula coastline. However, you can only access this trail between December and April. During the other months the rivers that empty out into the ocean are simply too high to cross. It will take about 9 hours to complete the hike, and all but 7 hours of it are along the beach. The inland portion is nearer to the San Pedrillo station. The ideal scenario would be to enter from Los Patos and depart via Carate, or visa versa. Either way, the main goal is to visit Sirena and spend a few days within the Park&#8217;s interior.<\/p>\n<p><strong><u>Important Points<\/u><\/strong><\/p>\n<ul>\n<li>Hiking boots are highly recommended here, as the trail throughout the park is comprised of a hard, reddish type clay that is very, very slippery when wet. As well, there are several rivers and streams to cross.<\/li>\n<li>It is recommended that you take an ample supply of water with you as you enter the Park.<\/li>\n<li>We highly recommend you bring mosquito repellent.<\/li>\n<li>The trail conditions, always well marked and maintained, vary throughout the year depending on weather conditions.<\/li>\n<li>The sun, particularly along the route from Carate to Sirena, is hot, strong and usually unbearable. Sun screen is an absolute must, especially for the back of your neck and face.<\/li>\n<\/ul>\n<\/div>\n<\/div>\n<\/div>\n<\/div>\n<\/div>\n<\/div>\n<\/div>\n\n","protected":false},"excerpt":{"rendered":"","protected":false},"author":1,"featured_media":0,"parent":0,"menu_order":0,"comment_status":"closed","ping_status":"closed","template":"","meta":[],"_links":{"self":[{"href":"https:\/\/corcovadoexpeditions.net\/es\/wp-json\/wp\/v2\/pages\/5856"}],"collection":[{"href":"https:\/\/corcovadoexpeditions.net\/es\/wp-json\/wp\/v2\/pages"}],"about":[{"href":"https:\/\/corcovadoexpeditions.net\/es\/wp-json\/wp\/v2\/types\/page"}],"author":[{"embeddable":true,"href":"https:\/\/corcovadoexpeditions.net\/es\/wp-json\/wp\/v2\/users\/1"}],"replies":[{"embeddable":true,"href":"https:\/\/corcovadoexpeditions.net\/es\/wp-json\/wp\/v2\/comments?post=5856"}],"version-history":[{"count":5,"href":"https:\/\/corcovadoexpeditions.net\/es\/wp-json\/wp\/v2\/pages\/5856\/revisions"}],"predecessor-version":[{"id":6348,"href":"https:\/\/corcovadoexpeditions.net\/es\/wp-json\/wp\/v2\/pages\/5856\/revisions\/6348"}],"wp:attachment":[{"href":"https:\/\/corcovadoexpeditions.net\/es\/wp-json\/wp\/v2\/media?parent=5856"}],"curies":[{"name":"wp","href":"https:\/\/api.w.org\/{rel}","templated":true}]}}