{"id":5850,"date":"2018-01-29T22:34:41","date_gmt":"2018-01-29T22:34:41","guid":{"rendered":"http:\/\/corcovadoexp.com?page_id=5850"},"modified":"2018-03-20T20:33:31","modified_gmt":"2018-03-20T20:33:31","slug":"maglar-sierpe-terraba","status":"publish","type":"page","link":"https:\/\/corcovadoexpeditions.net\/es\/maglar-sierpe-terraba","title":{"rendered":"Informaci\u00f3n acerca del Manglar"},"content":{"rendered":"<style type=\"text\/css\"> \n#cmsmasters_row_69e4c15a9b4379_63523415 .cmsmasters_row_outer_parent { \n\tpadding-top: 50px; \n} \n\n#cmsmasters_row_69e4c15a9b4379_63523415 .cmsmasters_row_outer_parent { \n\tpadding-bottom: 50px; \n} \n\n<\/style><div id=\"cmsmasters_row_69e4c15a9b4379_63523415\" class=\"cmsmasters_row cmsmasters_color_scheme_default cmsmasters_row_top_default cmsmasters_row_bot_default cmsmasters_row_boxed\">\n<div class=\"cmsmasters_row_outer_parent\">\n<div class=\"cmsmasters_row_outer\">\n<div class=\"cmsmasters_row_inner\">\n<div class=\"cmsmasters_row_margin\">\n<div class=\"cmsmasters_column one_first\">\n<div class=\"cmsmasters_text\">\n<p align=\"center\"><strong>Coordenadas:<\/strong>\u00a008\u00b052&#8217;N 083\u00b036&#8217;W \u00a0\u00a0\u00a0\u00a0\u00a0<strong>Elevaci\u00f3n:<\/strong>\u00a00 m \u00a0\u00a0\u00a0\u00a0\u00a0\u00a0<strong>\u00c1rea:<\/strong>\u00a033,300 ha<\/p>\n<div align=\"left\">\n<h3><strong>Localizaci\u00f3n:<\/strong><\/h3>\n<p align=\"justify\">El sitio se localiza en la provincia de Puntarenas, Pen\u00ednsula de Osa, aproximadamente a 30 Km al suroeste\u00a0de Palmar Norte.<\/p>\n<h3><strong>Criterio:<\/strong><\/h3>\n<p align=\"justify\">Esta reserva es un h\u00e1bitat importante de muchas especies de aves, peces, mam\u00edferos y\u00a0 reptiles. Los manglares juegan un papel directo e indirecto en la preservaci\u00f3n de los peces. Algunas especies dependen de estos sitios durante su ciclo de vida o para una gran parte importante de este ciclo (reproducci\u00f3n, crecimiento o alimentando).<\/p>\n<h3>Tipo de pantanos.<\/h3>\n<p align=\"justify\">El \u00e1rea incluye el estuario de los R\u00edos T\u00e9rraba y Sierpe, y de algunas lagunas adyacentes (Laguna Sierpe, Laguna Porvenir), y as\u00ed como el bosque peri\u00f3dicamente inundado de pantano de taedigera de palma de mangle y \u00abyolillo\u00bb Raphia, las playas de arena y los precipicios.<\/p>\n<h3>Notas biol\u00f3gicas\/ecol\u00f3gicas<\/h3>\n<p align=\"justify\">La flora en la reserva es formada por hidr\u00f3filas cuyo ciclo de crecimiento est\u00e1 en armon\u00eda con el ambiente acu\u00e1tico. Hay tres tipos de vegetaci\u00f3n (mangle, palustrine y herb\u00e1ceo) en T\u00e9rraba-Sierpe.<\/p>\n<p align=\"justify\">La vida del mar incluye peces, moluscos, ostras y otros mariscos. M\u00e1s de 55 especies de peces, y hay por lo menos\u00a010 especies que son\u00a0aprovechadas comercialmente. El manglar\u00a0es un\u00a0\u00e1rea muy visitada por aves migratorias, como Garzas, Egrets, Cotingas, y haliaetus de Pandion; existen varios tipos de \u00a0reptiles como cocodrilos, \u00a0Caim\u00e1n, y Boas del \u00c1rboricoras.<\/p>\n<p>&nbsp;<\/p>\n<h3>Notas Hidrol\u00f3gicas\/F\u00edsicas:<\/h3>\n<p align=\"justify\">El pantano de T\u00e9rraba-Sierpe es caracterizado por un ecosistema de bosques con pantanos peri\u00f3dicamente inundados y bosque de manglares\u00a0en\u00a0las bocas del r\u00edo\u00a0T\u00e9rraba y el r\u00edo de Sierpe.<\/p>\n<p align=\"justify\">El R\u00edo Grande de T\u00e9rraba es la fuente principal de aguas frescas en el sistema del estuario. Su afluente principal es el R\u00edo General junto con sus afluentes. El R\u00edo de Sierpe forma la frontera del bosque de mangle, tiene r\u00edos tributarios y arroyos. La vegetaci\u00f3n del mangle juega un papel b\u00e1sico en protecci\u00f3n de erosi\u00f3n y manteniendo la calidad del agua, reteniendo los contaminantes t\u00f3xicos que corren en las aguas localizadas cerca de algunas plantaciones que limitan con el manglar, tambi\u00e9n\u00a0transfiere nutrientes a sus suelos\u00a0y regula sedimentaci\u00f3n).<\/p>\n<p align=\"justify\">La\u00a0\u00e1rea de influencia T\u00e9rraba-Sierpe\u00a0es geol\u00f3gicamente formada\u00a0en elperiodo\u00a0\u00a0Cret\u00e1ceo, entre el\u00a0terciario y\u00a0\u00a0cuaternarios. Los materiales son de origen\u00a0volc\u00e1nico, erosivos o de origen aluvial. La mayor\u00eda de las tierras en el sitio tienen en el agua alta cantidades de sal, inconstantes y los niveles bajos de ox\u00edgeno. Esas tierras son d\u00e9biles, poco consolidadas, grises o negras reflejando alta concentraci\u00f3n de sulfato. Todas las tierras aluviales, con bueno o pobre drenaje, derivan de sedimentaci\u00f3n o vulcanismo. El lugar es peri\u00f3dicamente inundado por las mareas, que transfieren material org\u00e1nico rico en nutrientes.\u00a0El promedio total de la fluctuaci\u00f3n de las mareas es de alrededor de 2 metros. El clima es muy caliente y h\u00famedo, y la precipitaci\u00f3n es abundante de mayo a noviembre. La media lluvia anual es de 3,638 mm.<\/p>\n<h3>Usos humanos:<\/h3>\n<p align=\"justify\">Los manglares T\u00e9rraba-Sierpe se designaron oficialmente como Reserva en 1977. El sitio esta administrado por el Ministerio para el Ambiente y Energ\u00eda. La tierra circundante es propiedad privada (las plantaciones bananeras,\u00a0crecimiento de arroz y ganado). Dentro del sitio, los productos del mangle son extra\u00eddos por un grupo organizado y las familias individuales, ej. Para combustible (madera). Sin embargo, el ingreso principal proviene de la pesca del \u00abpiangua\u00bb la almeja tuberculosa de Anadara y cangrejos, y la pesca tradicional.<\/p>\n<p align=\"justify\">La recolecci\u00f3n de \u00abPianguas\u00bb en el r\u00edo \u00a0\u00abT\u00e9rraba\u00bb ha sido un medio de trabajo desde hace mucho, los indigenas durante por lo menos 1,200 a\u00f1os tambi\u00e9n usaron el Riz\u00f3fora harrisonnii \u00a0del mangle para el curtido de cuero.<\/p>\n<p align=\"justify\">Las pocas personas viven dentro de los l\u00edmites del sitio, la mayor\u00eda de ellos habita en las \u00e1reas circundantes. Hay un proyecto para desarrollar acuacultura y el turismo est\u00e1 en sus fases muy tempranas. El pantano es usado por operadores de la\u00a0zona como una atracci\u00f3n tur\u00edstica, con el prop\u00f3sito de\u00a0 promover el paisaje\u00a0tan bello\u00a0y natural de\u00a0este ecosistema\u00a0as\u00ed como de la flora y fauna.<\/p>\n<p align=\"justify\">Un estudio se\u00a0est\u00e1 llev\u00e1ndo a cabo\u00a0en la zona para averiguar que impacto negativo\u00a0o\u00a0positivo tiene el turismo en este ecosistema\u00a0y poder\u00a0regular la capaciadad de\u00a0turismo en el area. En 1989 se\u00a0estableci\u00f3\u00a0un\u00a0Programa de Educaci\u00f3n Medioambiental con el fin de instruir a los habitantes del area de la importancia de este ecosistema.\u00a0Hay una estaci\u00f3n\u00a0 para los visitantes, donde hay informaci\u00f3n escrita sobre los programas de educaci\u00f3n, hay botes disponibles para visitar el \u00e1rea. La estaci\u00f3n tambi\u00e9n proporciona alimentaci\u00f3n y hospedaje para los investigadores del centro. Un proyecto de ONG \u00abProyecto DANIDA-Manglares\u00bb (Centro Agron\u00f3mico Tropical de Investigaci\u00f3n y Ense\u00f1anza y IUCN) la cual\u00a0 ha patrocinado la educaci\u00f3n y la investigaci\u00f3n cient\u00edfica, en cooperaci\u00f3n con universidades locales y extranjeras. El proyecto de DANIDA-Manglares ha dirigido una serie de estudios en la ecolog\u00eda del mangle y las relaciones socio-econ\u00f3micas de los grupos que dependen de estos recursos. Se ha llevado a cabo un estudio respecto al efecto del extracto de madera en la estructura y composici\u00f3n del bosque del mangle.<\/p>\n<h3>Medidas de conservaci\u00f3n:<\/h3>\n<p align=\"justify\">Un plan de conservaci\u00f3n est\u00e1 en proceso. Hay una propuesta para la reforestaci\u00f3n de \u00e1reas del mangle pero esto no se ha llevado a cabo todav\u00eda. El extracto de \u00e1rboles se proh\u00edbe sin un plan de direcci\u00f3n de bosque y permiso. La ley de conservaci\u00f3n de fauna regula el uso y protecci\u00f3n de la fauna. Se permite la pesca solo en peque\u00f1a escala en el estuario del T\u00e9rraba-Sierpe.<\/p>\n<h3>Factores adversos:<\/h3>\n<p align=\"justify\">La tala irregulada del Mangle, principalmente el \u201cRhizophora harrisonii\u201d, para el curtido de cuero, casi devast\u00f3 los manglares. La recolecci\u00f3n desenfrenada de \u00abpiangua\u00bb tambi\u00e9n era un problema, incluso el Gobierno estableci\u00f3 leyes para la protecci\u00f3n tanto para el mangle y la pesca de \u00abpiangua\u00bb. El uso de Agro-qu\u00edmico en los arrozales y plantaciones de pl\u00e1tano est\u00e1n contaminando el pantano, pero el problema no se ha cuantificado todav\u00eda. Otro factor es la presi\u00f3n por la expansi\u00f3n de cultivo y las actividades agr\u00edcolas alrededor de \u00e9l.<\/p>\n<\/div>\n<\/div>\n<\/div>\n<\/div>\n<\/div>\n<\/div>\n<\/div>\n<\/div>\n\n","protected":false},"excerpt":{"rendered":"","protected":false},"author":1,"featured_media":0,"parent":0,"menu_order":0,"comment_status":"closed","ping_status":"closed","template":"","meta":[],"_links":{"self":[{"href":"https:\/\/corcovadoexpeditions.net\/es\/wp-json\/wp\/v2\/pages\/5850"}],"collection":[{"href":"https:\/\/corcovadoexpeditions.net\/es\/wp-json\/wp\/v2\/pages"}],"about":[{"href":"https:\/\/corcovadoexpeditions.net\/es\/wp-json\/wp\/v2\/types\/page"}],"author":[{"embeddable":true,"href":"https:\/\/corcovadoexpeditions.net\/es\/wp-json\/wp\/v2\/users\/1"}],"replies":[{"embeddable":true,"href":"https:\/\/corcovadoexpeditions.net\/es\/wp-json\/wp\/v2\/comments?post=5850"}],"version-history":[{"count":2,"href":"https:\/\/corcovadoexpeditions.net\/es\/wp-json\/wp\/v2\/pages\/5850\/revisions"}],"predecessor-version":[{"id":6099,"href":"https:\/\/corcovadoexpeditions.net\/es\/wp-json\/wp\/v2\/pages\/5850\/revisions\/6099"}],"wp:attachment":[{"href":"https:\/\/corcovadoexpeditions.net\/es\/wp-json\/wp\/v2\/media?parent=5850"}],"curies":[{"name":"wp","href":"https:\/\/api.w.org\/{rel}","templated":true}]}}