{"id":5846,"date":"2018-01-29T22:31:27","date_gmt":"2018-01-29T22:31:27","guid":{"rendered":"http:\/\/corcovadoexp.com?page_id=5846"},"modified":"2018-03-20T20:30:53","modified_gmt":"2018-03-20T20:30:53","slug":"ecoturismo-y-sostenibilidad","status":"publish","type":"page","link":"https:\/\/corcovadoexpeditions.net\/es\/ecoturismo-y-sostenibilidad","title":{"rendered":"Ecoturismo y desarrollo sostenible"},"content":{"rendered":"<style type=\"text\/css\"> \n#cmsmasters_row_69e4c267ae1ee0_98685945 .cmsmasters_row_outer_parent { \n\tpadding-top: 50px; \n} \n\n#cmsmasters_row_69e4c267ae1ee0_98685945 .cmsmasters_row_outer_parent { \n\tpadding-bottom: 50px; \n} \n\n<\/style><div id=\"cmsmasters_row_69e4c267ae1ee0_98685945\" class=\"cmsmasters_row cmsmasters_color_scheme_default cmsmasters_row_top_default cmsmasters_row_bot_default cmsmasters_row_boxed\">\n<div class=\"cmsmasters_row_outer_parent\">\n<div class=\"cmsmasters_row_outer\">\n<div class=\"cmsmasters_row_inner\">\n<div class=\"cmsmasters_row_margin\">\n<div class=\"cmsmasters_column one_first\">\n<div class=\"cmsmasters_text\">\n<p align=\"justify\"><strong>El ecoturismo<\/strong>\u00a0es esencialmente el medio del turismo ecol\u00f3gico, donde tiene connotaciones medioambientales y \u00bb sociales. Se define ambos como un movimiento de concepto-turismo y como un sector de turismo. Nacido en su forma actual en los a\u00f1os de 1980, el\u00a0 Ecoturismo\u00a0 vino en auge en el 2002, cuando los Naciones Unidas celebraron el \u00abel A\u00f1o Internacional de Ecoturismo.\u00bb<\/p>\n<p align=\"justify\"><strong>El Eco-turismo<\/strong>\u00a0se enfoca en las culturas locales, ofrece el crecimiento personal adem\u00e1s de nuevas maneras de aprender como mantener\u00a0 nuestro planeta .El ecoturismo Se define t\u00edpicamente como viaje a los destinos donde la flora, fauna, y la herencia cultural son las atracciones primarias. El ecoturismo responsable incluye programas que minimizan los efectos adversos del turismo tradicional en el ambiente natural, y refuerza la integridad cultural de personas locales. Por consiguiente, eval\u00faa factores medioambientales y culturales, promueve el reciclaje, y la creaci\u00f3n de oportunidades econ\u00f3micas para las comunidades locales<\/p>\n<p align=\"justify\">Muchas organizaciones medioambientales globales y agencias de ayuda favorecen ecoturismo como\u00a0 un veh\u00edculo de desarrollo sostenible.<\/p>\n<p align=\"justify\">EL \u00a0verdadero \u00a0ecoturismo deben satisfacer varios criterios como:<\/p>\n<div align=\"justify\">\n<ul>\n<li>Conservaci\u00f3n (y justificaci\u00f3n para la conservaci\u00f3n) de diversidad biol\u00f3gica y la diversidad cultural, a trav\u00e9s de la\u00a0 protecci\u00f3n de los ecosistemas.<\/li>\n<li>La promoci\u00f3n de uso sostenible de biodiversidad, proporcionando trabajos a las poblaciones locales.<\/li>\n<li>Compartiendo los beneficios socio-econ\u00f3micos con comunidades locales y las personas ind\u00edgenas teniendo su consentimiento informado y participaci\u00f3n en la direcci\u00f3n de empresas del ecoturismo.<\/li>\n<li>El aumento medioambiental y conocimiento cultural .<\/li>\n<li>Minimizaci\u00f3n del propio impacto medioambiental del turismo.<\/li>\n<li>Econ\u00f3mico y sin lujo.<\/li>\n<li>La cultura local, flora y fauna como las atracciones principales.<\/li>\n<\/ul>\n<\/div>\n<p align=\"justify\">Para muchos pa\u00edses, el ecoturismo no es tanto visto como una actividad marginal sino como una manera de\u00a0 financiar la protecci\u00f3n del ambiente como un sector mayor de econom\u00eda nacional y como un medio de conseguir dinero. Por ejemplo, en pa\u00edses como Kenya, Ecuador, Nepal, Costa Rica y Madagascar, el ecoturismo representa un pedazo corto y grueso significante de cr\u00e9dito extranjero.<\/p>\n<h3>DEFINICI\u00d3N Y PRINCIPIOS DEL ECOTURISMO<\/h3>\n<p align=\"justify\">Ties define el ecoturismo como \u00abel viaje responsable a las \u00e1reas naturales que conserva el ambiente y mejora el bienestar de personas locales\u00bb. Esto significa que aqu\u00e9llos que llevan a cabo y participan en actividades del ecoturismo deben seguir los principios siguientes:<\/p>\n<ul>\n<li>Que Minimicen el impacto.<\/li>\n<li>Tener conocimiento medioambiental y cultural y respeto.<\/li>\n<li>Tener experiencias positivas para los\u00a0 visitantes y \u00bb organizad.<\/li>\n<li>Mantenga beneficios financieros directos para la conservaci\u00f3n.<\/li>\n<li>Mantenga beneficios financieros y fortalecimiento para las personas locales.<\/li>\n<li>La sensibilidad del aumento al clima pol\u00edtico, medioambiental, y social de pa\u00edses del organizador.<\/li>\n<li>El apoyo a los derechos humanos internacionales y los acuerdos obreros.<\/li>\n<\/ul>\n<h3>Vida sostenible<\/h3>\n<div align=\"justify\">La vida sostenible es un acercamiento social y econ\u00f3mico, de hecho, todas las actividades, para todas las sociedades, rico y pobre son compatibles con la preservaci\u00f3n del ambiente. Es basado en una filosof\u00eda de interdependencia, de respeto para la vida as\u00ed como responsabilidad para las generaciones futuras.<\/div>\n<p align=\"justify\">No hay ning\u00fan solo camino hacia un futuro sustentable&#8211;realmente el contrario. Cada persona, comunidad, grupo \u00e9tnico o religioso, regi\u00f3n, pa\u00eds, o cultura deben buscar sus propios\u00a0\u00a0 acercamientos basados en las ra\u00edces hist\u00f3ricas, tecnolog\u00edas, din\u00e1mica de la poblaci\u00f3n y condiciones naturales espec\u00edficas.<\/p>\n<h3>Definici\u00f3n y Principios del Mantenimiento<\/h3>\n<p align=\"justify\">IUCN, UNEP y WWF. Cuidando por la Tierra: Una Estrategia por el Vivir Sostenible. Ginebra, Suiza, 1980.<\/p>\n<p align=\"justify\">Proveyeron \u00a0principios para el logro de una sociedad sostenible. En resumen ellos son:<\/p>\n<ul>\n<li>El respeto y cuidado a la comunidad de vida.<\/li>\n<li>Mejorar la calidad de vida humana.<\/li>\n<li>La conservaci\u00f3n y la vitalidad de la Tierra y diversidad.<\/li>\n<li>Minimice el vaciamiento de recursos no-renovables.<\/li>\n<li>Estar dentro de la capacidad del cuidado de la tierra.<\/li>\n<li>El cambio las actitudes personales y pr\u00e1cticas.<\/li>\n<li>Permitir a las comunidades querer sus propios ambientes.<\/li>\n<li>Mantenga un armaz\u00f3n nacional integrando por el ambiente yla conservaci\u00f3n.<\/li>\n<li>Crear una alianza global.<\/li>\n<\/ul>\n<\/div>\n<\/div>\n<\/div>\n<\/div>\n<\/div>\n<\/div>\n<\/div>\n\n","protected":false},"excerpt":{"rendered":"","protected":false},"author":1,"featured_media":0,"parent":0,"menu_order":0,"comment_status":"closed","ping_status":"closed","template":"","meta":[],"_links":{"self":[{"href":"https:\/\/corcovadoexpeditions.net\/es\/wp-json\/wp\/v2\/pages\/5846"}],"collection":[{"href":"https:\/\/corcovadoexpeditions.net\/es\/wp-json\/wp\/v2\/pages"}],"about":[{"href":"https:\/\/corcovadoexpeditions.net\/es\/wp-json\/wp\/v2\/types\/page"}],"author":[{"embeddable":true,"href":"https:\/\/corcovadoexpeditions.net\/es\/wp-json\/wp\/v2\/users\/1"}],"replies":[{"embeddable":true,"href":"https:\/\/corcovadoexpeditions.net\/es\/wp-json\/wp\/v2\/comments?post=5846"}],"version-history":[{"count":2,"href":"https:\/\/corcovadoexpeditions.net\/es\/wp-json\/wp\/v2\/pages\/5846\/revisions"}],"predecessor-version":[{"id":6098,"href":"https:\/\/corcovadoexpeditions.net\/es\/wp-json\/wp\/v2\/pages\/5846\/revisions\/6098"}],"wp:attachment":[{"href":"https:\/\/corcovadoexpeditions.net\/es\/wp-json\/wp\/v2\/media?parent=5846"}],"curies":[{"name":"wp","href":"https:\/\/api.w.org\/{rel}","templated":true}]}}